{"id":7765,"date":"2022-09-14T07:30:13","date_gmt":"2022-09-14T07:30:13","guid":{"rendered":"https:\/\/luxelab.mx\/product\/lan-oh-multipurpose-balm\/"},"modified":"2025-10-21T00:27:40","modified_gmt":"2025-10-21T00:27:40","slug":"lan-oh-multipurpose-balm","status":"publish","type":"product","link":"https:\/\/luxelab.mx\/en\/product\/lan-oh-multipurpose-balm\/","title":{"rendered":"Lan-Oh! Multipurpose Balm"},"content":{"rendered":"<p>\u00a1Un ingrediente, muchos usos! B\u00e1lsamo multiprop\u00f3sito para labios secos, cut\u00edculas secas, dolor de pez\u00f3n, picadura de insectos, cortes de papel, fosa nasal reseca, talones y codos agrietados, quemaduras por viento o fr\u00edo o aseo de cejas.<\/p>\n","protected":false},"excerpt":{"rendered":"<p>B\u00e1lsamo Multiprop\u00f3sito<\/p>\n","protected":false},"featured_media":15115,"template":"","meta":[],"product_brand":[],"product_cat":[49],"product_tag":[],"class_list":{"0":"post-7765","1":"product","2":"type-product","3":"status-publish","4":"has-post-thumbnail","6":"product_cat-bath-and-body-2","8":"first","9":"instock","10":"shipping-taxable","11":"purchasable","12":"product-type-simple"},"_links":{"self":[{"href":"https:\/\/luxelab.mx\/en\/wp-json\/wp\/v2\/product\/7765","targetHints":{"allow":["GET"]}}],"collection":[{"href":"https:\/\/luxelab.mx\/en\/wp-json\/wp\/v2\/product"}],"about":[{"href":"https:\/\/luxelab.mx\/en\/wp-json\/wp\/v2\/types\/product"}],"wp:featuredmedia":[{"embeddable":true,"href":"https:\/\/luxelab.mx\/en\/wp-json\/wp\/v2\/media\/15115"}],"wp:attachment":[{"href":"https:\/\/luxelab.mx\/en\/wp-json\/wp\/v2\/media?parent=7765"}],"wp:term":[{"taxonomy":"product_brand","embeddable":true,"href":"https:\/\/luxelab.mx\/en\/wp-json\/wp\/v2\/product_brand?post=7765"},{"taxonomy":"product_cat","embeddable":true,"href":"https:\/\/luxelab.mx\/en\/wp-json\/wp\/v2\/product_cat?post=7765"},{"taxonomy":"product_tag","embeddable":true,"href":"https:\/\/luxelab.mx\/en\/wp-json\/wp\/v2\/product_tag?post=7765"}],"curies":[{"name":"wp","href":"https:\/\/api.w.org\/{rel}","templated":true}]}}