{"id":7764,"date":"2022-09-14T07:33:59","date_gmt":"2022-09-14T07:33:59","guid":{"rendered":"https:\/\/luxelab.mx\/product\/cool-down-kit\/"},"modified":"2025-10-21T00:32:52","modified_gmt":"2025-10-21T00:32:52","slug":"cool-down-kit","status":"publish","type":"product","link":"https:\/\/luxelab.mx\/en\/product\/cool-down-kit\/","title":{"rendered":"Cool Down Kit"},"content":{"rendered":"<p>\u00a1Nuestro set de art\u00edculos esenciales para amantes del fitness! Este set incluye (1) Spray de Magnesio (10 oz) para ayudar con todas las cosas que tu cuerpo necesita para ayudarlo a desempe\u00f1arse como recuperaci\u00f3n muscular, producci\u00f3n de energ\u00eda, hormonas de crecimiento, calidad del sue\u00f1o, niveles de hidrataci\u00f3n y estado de \u00e1nimo, (2) Agua de Rosas (4 oz) para refrescar, (3) Sales terap\u00e9uticas y refrescantes (7 oz) para los pies cansados, y (4) Spray de Manos Antiseptico (1 oz.) para estar seguro.<\/p>\n","protected":false},"excerpt":{"rendered":"<p>\u00a1Nuestro set de art\u00edculos esenciales para amantes del fitness! Este set incluye (1) Spray de Magnesio (10 oz) para ayudar con todas las cosas que tu cuerpo necesita para ayudarlo a desempe\u00f1arse como recuperaci\u00f3n muscular, producci\u00f3n de energ\u00eda, hormonas de crecimiento, calidad del sue\u00f1o, niveles de hidrataci\u00f3n y estado de \u00e1nimo, (2) Agua de Rosas [&hellip;]<\/p>\n","protected":false},"featured_media":4756,"template":"","meta":[],"product_brand":[],"product_cat":[44],"product_tag":[],"class_list":{"0":"post-7764","1":"product","2":"type-product","3":"status-publish","4":"has-post-thumbnail","6":"product_cat-gift-sets-2","8":"first","9":"instock","10":"shipping-taxable","11":"purchasable","12":"product-type-simple"},"_links":{"self":[{"href":"https:\/\/luxelab.mx\/en\/wp-json\/wp\/v2\/product\/7764","targetHints":{"allow":["GET"]}}],"collection":[{"href":"https:\/\/luxelab.mx\/en\/wp-json\/wp\/v2\/product"}],"about":[{"href":"https:\/\/luxelab.mx\/en\/wp-json\/wp\/v2\/types\/product"}],"wp:featuredmedia":[{"embeddable":true,"href":"https:\/\/luxelab.mx\/en\/wp-json\/wp\/v2\/media\/4756"}],"wp:attachment":[{"href":"https:\/\/luxelab.mx\/en\/wp-json\/wp\/v2\/media?parent=7764"}],"wp:term":[{"taxonomy":"product_brand","embeddable":true,"href":"https:\/\/luxelab.mx\/en\/wp-json\/wp\/v2\/product_brand?post=7764"},{"taxonomy":"product_cat","embeddable":true,"href":"https:\/\/luxelab.mx\/en\/wp-json\/wp\/v2\/product_cat?post=7764"},{"taxonomy":"product_tag","embeddable":true,"href":"https:\/\/luxelab.mx\/en\/wp-json\/wp\/v2\/product_tag?post=7764"}],"curies":[{"name":"wp","href":"https:\/\/api.w.org\/{rel}","templated":true}]}}