{"id":7250,"date":"2023-06-23T05:53:26","date_gmt":"2023-06-23T05:53:26","guid":{"rendered":"https:\/\/luxelab.mx\/product\/set-of-3-hand-creams\/"},"modified":"2025-10-21T00:35:50","modified_gmt":"2025-10-21T00:35:50","slug":"set-de-3-hand-creams","status":"publish","type":"product","link":"https:\/\/luxelab.mx\/en\/product\/set-de-3-hand-creams\/","title":{"rendered":"Set de 3 Hand Creams"},"content":{"rendered":"<p>Nuestra crema para mano est\u00e1 ultraligera, lujosa y no grasosa. Se absorbe f\u00e1cilmente para hidratar y acondicionar, dejando la piel h\u00famectada, suave y delicadamente perfumada. La hemos enriquecido con mantequilla de k\u00e1rite que es densa en nutrientes para darle una textura rica y sedosa.<\/p>\n","protected":false},"excerpt":{"rendered":"<p>Effective in killing 99.9% of germs and viruses on the skin&#8217;s surface.\u00a0<\/p>\n","protected":false},"featured_media":14842,"template":"","meta":[],"product_brand":[],"product_cat":[44],"product_tag":[],"class_list":{"0":"post-7250","1":"product","2":"type-product","3":"status-publish","4":"has-post-thumbnail","6":"product_cat-gift-sets-2","8":"first","9":"instock","10":"shipping-taxable","11":"purchasable","12":"product-type-variable"},"_links":{"self":[{"href":"https:\/\/luxelab.mx\/en\/wp-json\/wp\/v2\/product\/7250","targetHints":{"allow":["GET"]}}],"collection":[{"href":"https:\/\/luxelab.mx\/en\/wp-json\/wp\/v2\/product"}],"about":[{"href":"https:\/\/luxelab.mx\/en\/wp-json\/wp\/v2\/types\/product"}],"wp:featuredmedia":[{"embeddable":true,"href":"https:\/\/luxelab.mx\/en\/wp-json\/wp\/v2\/media\/14842"}],"wp:attachment":[{"href":"https:\/\/luxelab.mx\/en\/wp-json\/wp\/v2\/media?parent=7250"}],"wp:term":[{"taxonomy":"product_brand","embeddable":true,"href":"https:\/\/luxelab.mx\/en\/wp-json\/wp\/v2\/product_brand?post=7250"},{"taxonomy":"product_cat","embeddable":true,"href":"https:\/\/luxelab.mx\/en\/wp-json\/wp\/v2\/product_cat?post=7250"},{"taxonomy":"product_tag","embeddable":true,"href":"https:\/\/luxelab.mx\/en\/wp-json\/wp\/v2\/product_tag?post=7250"}],"curies":[{"name":"wp","href":"https:\/\/api.w.org\/{rel}","templated":true}]}}