{"id":7247,"date":"2023-06-23T06:24:04","date_gmt":"2023-06-23T06:24:04","guid":{"rendered":"https:\/\/luxelab.mx\/product\/face-nectar-jasmine-gua-sha\/"},"modified":"2025-10-21T00:32:39","modified_gmt":"2025-10-21T00:32:39","slug":"face-nectar-gua-sha","status":"publish","type":"product","link":"https:\/\/luxelab.mx\/en\/product\/face-nectar-gua-sha\/","title":{"rendered":"Face Nectar + Gua Sha"},"content":{"rendered":"<p>Combina nuestro aceite facial (Face Nectar) con el masaje de cuarzo rosa (Gua Sha). Este poderoso d\u00fao poderoso ayudar\u00e1 a tonificar, desintoxicar y reducir los signos de envejecimiento a trav\u00e9s del ritual del masaje facial utilizando aceites org\u00e1nicos derivados de plantas que imparten nutrientes esenciales, \u00e1cidos grasos y antioxidantes para proporcionar protecci\u00f3n multifac\u00e9tica contra los efectos del envejecimiento y el medio ambiente. Dejar\u00e1 tu piel instant\u00e1neamente brillante, sedosa, esculpida y rejuvenecida.<\/p>\n","protected":false},"excerpt":{"rendered":"<p>Rostro Esculpido, Piel Radiante<\/p>\n","protected":false},"featured_media":14586,"template":"","meta":[],"product_brand":[],"product_cat":[44],"product_tag":[],"class_list":{"0":"post-7247","1":"product","2":"type-product","3":"status-publish","4":"has-post-thumbnail","6":"product_cat-gift-sets-2","8":"first","9":"instock","10":"shipping-taxable","11":"purchasable","12":"product-type-variable"},"_links":{"self":[{"href":"https:\/\/luxelab.mx\/en\/wp-json\/wp\/v2\/product\/7247","targetHints":{"allow":["GET"]}}],"collection":[{"href":"https:\/\/luxelab.mx\/en\/wp-json\/wp\/v2\/product"}],"about":[{"href":"https:\/\/luxelab.mx\/en\/wp-json\/wp\/v2\/types\/product"}],"wp:featuredmedia":[{"embeddable":true,"href":"https:\/\/luxelab.mx\/en\/wp-json\/wp\/v2\/media\/14586"}],"wp:attachment":[{"href":"https:\/\/luxelab.mx\/en\/wp-json\/wp\/v2\/media?parent=7247"}],"wp:term":[{"taxonomy":"product_brand","embeddable":true,"href":"https:\/\/luxelab.mx\/en\/wp-json\/wp\/v2\/product_brand?post=7247"},{"taxonomy":"product_cat","embeddable":true,"href":"https:\/\/luxelab.mx\/en\/wp-json\/wp\/v2\/product_cat?post=7247"},{"taxonomy":"product_tag","embeddable":true,"href":"https:\/\/luxelab.mx\/en\/wp-json\/wp\/v2\/product_tag?post=7247"}],"curies":[{"name":"wp","href":"https:\/\/api.w.org\/{rel}","templated":true}]}}