{"id":5406,"date":"2023-06-23T07:23:27","date_gmt":"2023-06-23T07:23:27","guid":{"rendered":"https:\/\/luxelab.mx\/product\/salt-soak-trio\/"},"modified":"2025-10-21T19:01:03","modified_gmt":"2025-10-21T19:01:03","slug":"salt-soak-trio","status":"publish","type":"product","link":"https:\/\/luxelab.mx\/en\/product\/salt-soak-trio\/","title":{"rendered":"Salt Soak Trio"},"content":{"rendered":"<p>3 tarros grandes de Sales de Ba\u00f1o. Contiene sales, bot\u00e1nicos, arcilla y aceites para desintoxicar tu cuerpo, suavizar tu piel, estimular tus sentidos y recargar tu esp\u00edritu interior.<\/p>\n","protected":false},"excerpt":{"rendered":"<p>3 tarros grandes de Sales de Ba\u00f1o. Contiene sales, bot\u00e1nicos, arcilla y aceites para desintoxicar tu cuerpo, suavizar tu piel, estimular tus sentidos y recargar tu esp\u00edritu interior.<\/p>\n","protected":false},"featured_media":4775,"template":"","meta":[],"product_brand":[],"product_cat":[44],"product_tag":[],"class_list":{"0":"post-5406","1":"product","2":"type-product","3":"status-publish","4":"has-post-thumbnail","6":"product_cat-gift-sets-2","8":"first","9":"instock","10":"shipping-taxable","11":"purchasable","12":"product-type-simple"},"_links":{"self":[{"href":"https:\/\/luxelab.mx\/en\/wp-json\/wp\/v2\/product\/5406","targetHints":{"allow":["GET"]}}],"collection":[{"href":"https:\/\/luxelab.mx\/en\/wp-json\/wp\/v2\/product"}],"about":[{"href":"https:\/\/luxelab.mx\/en\/wp-json\/wp\/v2\/types\/product"}],"wp:featuredmedia":[{"embeddable":true,"href":"https:\/\/luxelab.mx\/en\/wp-json\/wp\/v2\/media\/4775"}],"wp:attachment":[{"href":"https:\/\/luxelab.mx\/en\/wp-json\/wp\/v2\/media?parent=5406"}],"wp:term":[{"taxonomy":"product_brand","embeddable":true,"href":"https:\/\/luxelab.mx\/en\/wp-json\/wp\/v2\/product_brand?post=5406"},{"taxonomy":"product_cat","embeddable":true,"href":"https:\/\/luxelab.mx\/en\/wp-json\/wp\/v2\/product_cat?post=5406"},{"taxonomy":"product_tag","embeddable":true,"href":"https:\/\/luxelab.mx\/en\/wp-json\/wp\/v2\/product_tag?post=5406"}],"curies":[{"name":"wp","href":"https:\/\/api.w.org\/{rel}","templated":true}]}}