{"id":4996,"date":"2023-06-23T09:32:50","date_gmt":"2023-06-23T09:32:50","guid":{"rendered":"https:\/\/luxelab.mx\/product\/serum-set\/"},"modified":"2025-10-21T18:39:04","modified_gmt":"2025-10-21T18:39:04","slug":"serum-set","status":"publish","type":"product","link":"https:\/\/luxelab.mx\/en\/product\/serum-set\/","title":{"rendered":"Serum Set"},"content":{"rendered":"<p>Obt\u00e9n una tez radiante y juvenil con nuestro Set de Sueros, que contiene un suero para la ma\u00f1ana (Super C Serum) y un suero para la noche (Face Nectar). En combinaci\u00f3n, estos sueros est\u00e1n repletos de antioxidantes, nutrientes e ingredientes activos efectivos y trabajan en sinergia para transformar la piel y revelar un rostro m\u00e1s brillante, m\u00e1s firme y m\u00e1s joven.<\/p>\n","protected":false},"excerpt":{"rendered":"<p>Effective in killing 99.9% of germs and viruses on the skin&#8217;s surface.<\/p>\n","protected":false},"featured_media":14588,"template":"","meta":[],"product_brand":[],"product_cat":[44],"product_tag":[],"class_list":{"0":"post-4996","1":"product","2":"type-product","3":"status-publish","4":"has-post-thumbnail","6":"product_cat-gift-sets-2","8":"first","9":"outofstock","10":"shipping-taxable","11":"purchasable","12":"product-type-variable"},"_links":{"self":[{"href":"https:\/\/luxelab.mx\/en\/wp-json\/wp\/v2\/product\/4996","targetHints":{"allow":["GET"]}}],"collection":[{"href":"https:\/\/luxelab.mx\/en\/wp-json\/wp\/v2\/product"}],"about":[{"href":"https:\/\/luxelab.mx\/en\/wp-json\/wp\/v2\/types\/product"}],"wp:featuredmedia":[{"embeddable":true,"href":"https:\/\/luxelab.mx\/en\/wp-json\/wp\/v2\/media\/14588"}],"wp:attachment":[{"href":"https:\/\/luxelab.mx\/en\/wp-json\/wp\/v2\/media?parent=4996"}],"wp:term":[{"taxonomy":"product_brand","embeddable":true,"href":"https:\/\/luxelab.mx\/en\/wp-json\/wp\/v2\/product_brand?post=4996"},{"taxonomy":"product_cat","embeddable":true,"href":"https:\/\/luxelab.mx\/en\/wp-json\/wp\/v2\/product_cat?post=4996"},{"taxonomy":"product_tag","embeddable":true,"href":"https:\/\/luxelab.mx\/en\/wp-json\/wp\/v2\/product_tag?post=4996"}],"curies":[{"name":"wp","href":"https:\/\/api.w.org\/{rel}","templated":true}]}}