{"id":15596,"date":"2024-03-15T11:52:03","date_gmt":"2024-03-15T11:52:03","guid":{"rendered":"https:\/\/luxelab.mx\/product\/body-butter\/"},"modified":"2025-09-12T17:30:49","modified_gmt":"2025-09-12T17:30:49","slug":"body-butter","status":"publish","type":"product","link":"https:\/\/luxelab.mx\/en\/product\/body-butter\/","title":{"rendered":"Body Butter"},"content":{"rendered":"<p>Hecha con manteca de karit\u00e9 \u00a0y \u00a0almendra, es rica en vitaminas y \u00e1cidos grasos para una hidrataci\u00f3n profunda y nutrici\u00f3n para tu piel.<\/p>\n","protected":false},"excerpt":{"rendered":"<p>Hecha con manteca de karit\u00e9 \u00a0y \u00a0almendra, es rica en vitaminas y \u00e1cidos grasos para una hidrataci\u00f3n profunda y nutrici\u00f3n para tu piel.<\/p>\n","protected":false},"featured_media":16950,"template":"","meta":[],"product_brand":[],"product_cat":[49],"product_tag":[],"class_list":{"0":"post-15596","1":"product","2":"type-product","3":"status-publish","4":"has-post-thumbnail","6":"product_cat-bath-and-body-2","8":"first","9":"instock","10":"shipping-taxable","11":"purchasable","12":"product-type-variable"},"_links":{"self":[{"href":"https:\/\/luxelab.mx\/en\/wp-json\/wp\/v2\/product\/15596","targetHints":{"allow":["GET"]}}],"collection":[{"href":"https:\/\/luxelab.mx\/en\/wp-json\/wp\/v2\/product"}],"about":[{"href":"https:\/\/luxelab.mx\/en\/wp-json\/wp\/v2\/types\/product"}],"wp:featuredmedia":[{"embeddable":true,"href":"https:\/\/luxelab.mx\/en\/wp-json\/wp\/v2\/media\/16950"}],"wp:attachment":[{"href":"https:\/\/luxelab.mx\/en\/wp-json\/wp\/v2\/media?parent=15596"}],"wp:term":[{"taxonomy":"product_brand","embeddable":true,"href":"https:\/\/luxelab.mx\/en\/wp-json\/wp\/v2\/product_brand?post=15596"},{"taxonomy":"product_cat","embeddable":true,"href":"https:\/\/luxelab.mx\/en\/wp-json\/wp\/v2\/product_cat?post=15596"},{"taxonomy":"product_tag","embeddable":true,"href":"https:\/\/luxelab.mx\/en\/wp-json\/wp\/v2\/product_tag?post=15596"}],"curies":[{"name":"wp","href":"https:\/\/api.w.org\/{rel}","templated":true}]}}