{"id":15495,"date":"2024-02-27T14:34:59","date_gmt":"2024-02-27T14:34:59","guid":{"rendered":"https:\/\/luxelab.mx\/product\/sea-kelp-hydragel\/"},"modified":"2024-09-24T07:26:22","modified_gmt":"2024-09-24T07:26:22","slug":"sea-kelp-hydragel","status":"publish","type":"product","link":"https:\/\/luxelab.mx\/en\/product\/sea-kelp-hydragel\/","title":{"rendered":"Sea Kelp Hydragel"},"content":{"rendered":"","protected":false},"excerpt":{"rendered":"<p>Nuestro\u00a0Hidragel de algas marinas es un humectante en gel ultraligero que llena la piel con el poder rejuvenecedor de los compuestos bioactivos derivados del mar. Abundante en vitaminas\u00a0esenciales, minerales, polisac\u00e1ridos y amino\u00e1cidos, proporciona beneficios antienvejecimiento, retenci\u00f3n superior de humedad y defensa contra los microbios y la inflamaci\u00f3n. Una fusi\u00f3n de 4 tipos diferentes de \u00e1cido hialur\u00f3nico dise\u00f1ado para penetrar m\u00faltiples capas de la piel brinda una oleada tridimensional inmediata de hidrataci\u00f3n.<\/p>\n","protected":false},"featured_media":15494,"template":"","meta":[],"product_brand":[],"product_cat":[48],"product_tag":[],"class_list":{"0":"post-15495","1":"product","2":"type-product","3":"status-publish","4":"has-post-thumbnail","6":"product_cat-face-2","8":"first","9":"instock","10":"shipping-taxable","11":"purchasable","12":"product-type-simple"},"_links":{"self":[{"href":"https:\/\/luxelab.mx\/en\/wp-json\/wp\/v2\/product\/15495","targetHints":{"allow":["GET"]}}],"collection":[{"href":"https:\/\/luxelab.mx\/en\/wp-json\/wp\/v2\/product"}],"about":[{"href":"https:\/\/luxelab.mx\/en\/wp-json\/wp\/v2\/types\/product"}],"wp:featuredmedia":[{"embeddable":true,"href":"https:\/\/luxelab.mx\/en\/wp-json\/wp\/v2\/media\/15494"}],"wp:attachment":[{"href":"https:\/\/luxelab.mx\/en\/wp-json\/wp\/v2\/media?parent=15495"}],"wp:term":[{"taxonomy":"product_brand","embeddable":true,"href":"https:\/\/luxelab.mx\/en\/wp-json\/wp\/v2\/product_brand?post=15495"},{"taxonomy":"product_cat","embeddable":true,"href":"https:\/\/luxelab.mx\/en\/wp-json\/wp\/v2\/product_cat?post=15495"},{"taxonomy":"product_tag","embeddable":true,"href":"https:\/\/luxelab.mx\/en\/wp-json\/wp\/v2\/product_tag?post=15495"}],"curies":[{"name":"wp","href":"https:\/\/api.w.org\/{rel}","templated":true}]}}