{"id":15492,"date":"2024-02-27T14:31:51","date_gmt":"2024-02-27T14:31:51","guid":{"rendered":"https:\/\/luxelab.mx\/product\/dose-of-rose\/"},"modified":"2024-09-24T07:26:18","modified_gmt":"2024-09-24T07:26:18","slug":"dose-of-rose","status":"publish","type":"product","link":"https:\/\/luxelab.mx\/en\/product\/dose-of-rose\/","title":{"rendered":"Dose of Rose"},"content":{"rendered":"<p>Descripci\u00f3n: \u00a0Esta refrescante y revitalizadora agua de rosas org\u00e1nica puede usarse por todo tipo de pieles en cualquier lugar y en cualquier momento. \u00a0Proporciona una dosis de hidrataci\u00f3n rejuvenecedora y calmante. \u00a0Las propiedades antiinflamatorias y antibacterials calmar\u00e1n la piel, reducir\u00e1n el enrojecimiento y reducir\u00e1n el acn\u00e9.<\/p>\n","protected":false},"excerpt":{"rendered":"<p>Descripci\u00f3n: \u00a0Esta refrescante y revitalizadora agua de rosas org\u00e1nica puede usarse por todo tipo de pieles en cualquier lugar y en cualquier momento. \u00a0Proporciona una dosis de hidrataci\u00f3n rejuvenecedora y calmante. \u00a0Las propiedades antiinflamatorias y antibacterials calmar\u00e1n la piel, reducir\u00e1n el enrojecimiento y reducir\u00e1n el acn\u00e9.<\/p>\n","protected":false},"featured_media":17059,"template":"","meta":[],"product_brand":[],"product_cat":[48],"product_tag":[],"class_list":{"0":"post-15492","1":"product","2":"type-product","3":"status-publish","4":"has-post-thumbnail","6":"product_cat-face-2","8":"first","9":"instock","10":"shipping-taxable","11":"purchasable","12":"product-type-variable"},"_links":{"self":[{"href":"https:\/\/luxelab.mx\/en\/wp-json\/wp\/v2\/product\/15492","targetHints":{"allow":["GET"]}}],"collection":[{"href":"https:\/\/luxelab.mx\/en\/wp-json\/wp\/v2\/product"}],"about":[{"href":"https:\/\/luxelab.mx\/en\/wp-json\/wp\/v2\/types\/product"}],"wp:featuredmedia":[{"embeddable":true,"href":"https:\/\/luxelab.mx\/en\/wp-json\/wp\/v2\/media\/17059"}],"wp:attachment":[{"href":"https:\/\/luxelab.mx\/en\/wp-json\/wp\/v2\/media?parent=15492"}],"wp:term":[{"taxonomy":"product_brand","embeddable":true,"href":"https:\/\/luxelab.mx\/en\/wp-json\/wp\/v2\/product_brand?post=15492"},{"taxonomy":"product_cat","embeddable":true,"href":"https:\/\/luxelab.mx\/en\/wp-json\/wp\/v2\/product_cat?post=15492"},{"taxonomy":"product_tag","embeddable":true,"href":"https:\/\/luxelab.mx\/en\/wp-json\/wp\/v2\/product_tag?post=15492"}],"curies":[{"name":"wp","href":"https:\/\/api.w.org\/{rel}","templated":true}]}}