{"id":15485,"date":"2024-02-27T14:28:08","date_gmt":"2024-02-27T14:28:08","guid":{"rendered":"https:\/\/luxelab.mx\/product\/face-nectar\/"},"modified":"2024-10-02T08:45:04","modified_gmt":"2024-10-02T08:45:04","slug":"face-nectar","status":"publish","type":"product","link":"https:\/\/luxelab.mx\/en\/product\/face-nectar\/","title":{"rendered":"Face Nectar"},"content":{"rendered":"<p>Descripci\u00f3n:\u00a0Esta receta \u00fanica con aceites\u00a0org\u00e1nicos\u00a0derivados de plantas est\u00e1 enriquecida con nutrientes esenciales, \u00e1cidos grasos y antioxidantes que protegen de manera multifac\u00e9tica contra los efectos del envejecimiento y el medio ambiente rejuveneciendo la piel cansada y da\u00f1ada.\u00a0 El aceite repara y protege la barrera de la piel impidiendo que entren irritantes, bacteria o alergenos.\u00a0 Tambi\u00e9n sella la humedad y los ingredientes activos en tus productos de belleza.<\/p>\n<p>Esta f\u00f3rmula multiuso para todos los tipos de pieles contiene aceites ligeros que se absorben r\u00e1pidamente en la piel, permiten a la piel respirar y regulan los niveles naturales de grasa.\u00a0 Dejar\u00e1 tu piel instant\u00e1neamente sedosa, radiante y rejuvenecida. 100%\u00a0org\u00e1nico.<\/p>\n","protected":false},"excerpt":{"rendered":"<p>Descripci\u00f3n:\u00a0Esta receta \u00fanica con aceites\u00a0org\u00e1nicos\u00a0derivados de plantas est\u00e1 enriquecida con nutrientes esenciales, \u00e1cidos grasos y antioxidantes que protegen de manera multifac\u00e9tica contra los efectos del envejecimiento y el medio ambiente rejuveneciendo la piel cansada y da\u00f1ada.\u00a0 El aceite repara y protege la barrera de la piel impidiendo que entren irritantes, bacteria o alergenos.\u00a0 Tambi\u00e9n sella [&hellip;]<\/p>\n","protected":false},"featured_media":15474,"template":"","meta":[],"product_brand":[],"product_cat":[48],"product_tag":[],"class_list":{"0":"post-15485","1":"product","2":"type-product","3":"status-publish","4":"has-post-thumbnail","6":"product_cat-face-2","8":"first","9":"instock","10":"shipping-taxable","11":"purchasable","12":"product-type-variable"},"_links":{"self":[{"href":"https:\/\/luxelab.mx\/en\/wp-json\/wp\/v2\/product\/15485","targetHints":{"allow":["GET"]}}],"collection":[{"href":"https:\/\/luxelab.mx\/en\/wp-json\/wp\/v2\/product"}],"about":[{"href":"https:\/\/luxelab.mx\/en\/wp-json\/wp\/v2\/types\/product"}],"wp:featuredmedia":[{"embeddable":true,"href":"https:\/\/luxelab.mx\/en\/wp-json\/wp\/v2\/media\/15474"}],"wp:attachment":[{"href":"https:\/\/luxelab.mx\/en\/wp-json\/wp\/v2\/media?parent=15485"}],"wp:term":[{"taxonomy":"product_brand","embeddable":true,"href":"https:\/\/luxelab.mx\/en\/wp-json\/wp\/v2\/product_brand?post=15485"},{"taxonomy":"product_cat","embeddable":true,"href":"https:\/\/luxelab.mx\/en\/wp-json\/wp\/v2\/product_cat?post=15485"},{"taxonomy":"product_tag","embeddable":true,"href":"https:\/\/luxelab.mx\/en\/wp-json\/wp\/v2\/product_tag?post=15485"}],"curies":[{"name":"wp","href":"https:\/\/api.w.org\/{rel}","templated":true}]}}